{"id":24,"date":"2019-07-26T09:40:53","date_gmt":"2019-07-26T09:40:53","guid":{"rendered":"https:\/\/matrix.zhr.pl\/?page_id=24"},"modified":"2019-08-28T08:41:54","modified_gmt":"2019-08-28T08:41:54","slug":"regulamin-kont","status":"publish","type":"page","link":"https:\/\/matrix.zhr.pl\/?page_id=24","title":{"rendered":"regulamin kont"},"content":{"rendered":"<p><strong>Regulamin us\u0142ug informatycznych<\/strong><\/p>\n<p><strong>Zwi\u0105zku Harcerstwa Rzeczypospolitej<\/strong><\/p>\n<p><strong>Za\u0142o\u017cenia og\u00f3lne<\/strong><\/p>\n<p style=\"text-align: center;\">\u00a71<\/p>\n<ol>\n<li>ZHR posiada w\u0142asn\u0105 infrastruktur\u0119 informatyczn\u0105, kt\u00f3r\u0105 nieodp\u0142atnie udost\u0119pnia swoim jednostkom w celu u\u0142atwienia wymiany informacji oraz polepszenia komunikacji.<\/li>\n<li>Podmiotem zarz\u0105dzaj\u0105cym serwerem, jego konserwacj\u0105, aktualizacj\u0105 i utrzymaniem jest Zesp\u00f3\u0142 Informatyczny \u201e Matrix\u201d.<\/li>\n<\/ol>\n<p><strong>Strony internetowe<\/strong><\/p>\n<p style=\"text-align: center;\">\u00a72<\/p>\n<ol>\n<li>Ka\u017cde \u015brodowisko i jednostka organizacyjna ZHR (dru\u017cyna, szczep, hufiec itd.), mo\u017ce umie\u015bci\u0107 na serwerze ZHR swoje strony www. Konta www s\u0105 te\u017c dost\u0119pne dla kandydat\u00f3w na funkcje komendant\u00f3w chor\u0105gwi i przewodnicz\u0105cych okr\u0119g\u00f3w a tak\u017ce kandydat\u00f3w do w\u0142adz naczelnych ZHR.<\/li>\n<li>Okr\u0119gi oraz w\u0142adze naczelne maj\u0105 prawo do umieszczania dodatkowych stron (w tym okoliczno\u015bciowych), zwi\u0105zanych z aktualnym zapotrzebowaniem b\u0105d\u017a propozycjami programowymi.<\/li>\n<\/ol>\n<p style=\"text-align: center;\">\u00a73<\/p>\n<ol>\n<li>Osob\u0105 upowa\u017cnion\u0105 do zak\u0142adania kont www jest ka\u017cda instruktorka i instruktor ZHR b\u0119d\u0105cy w czynnej s\u0142u\u017cbie.<\/li>\n<li>W okre\u015blonych sytuacjach, osoba upowa\u017cniona do zak\u0142adania kont www mo\u017ce nie by\u0107 instruktorem Zwi\u0105zku, lecz w takim wypadku dana strona musi posiada\u0107 opiekuna \u2013 instruktora ZHR.<\/li>\n<li>Odpowiedzialno\u015b\u0107 za poszczeg\u00f3lne strony w przypadku jednostek ni\u017cszych ni\u017c Okr\u0119g ponosi Zarz\u0105d danego Okr\u0119gu, a w przypadku jednostek wy\u017cszych Naczelnictwo ZHR.<\/li>\n<li>Zabrania si\u0119 wykorzystywania stron www w celach innych ni\u017c dzia\u0142alno\u015b\u0107 statutowa ZHR.<\/li>\n<\/ol>\n<p style=\"text-align: center;\">\u00a74<\/p>\n<ol>\n<li>Stron\u0119 www zak\u0142ada si\u0119 poprzez kontakt z menad\u017cerem IT wyznaczonym przez sw\u00f3j okr\u0119g.<\/li>\n<li>Podmiotem zatwierdzaj\u0105cym pro\u015bb\u0119 o utworzenie strony jest odpowiednio Zarz\u0105d Okr\u0119gu, Naczelnictwo ZHR, b\u0105d\u017a Zesp\u00f3\u0142 \u201eMatrix\u201d.<\/li>\n<li>Domy\u015blnie, zak\u0142adana strona powinna by\u0107 obs\u0142ugiwana przez WordPress. W uzasadnionych przypadkach, po konsultacji z Zespo\u0142em Matrix, mo\u017cna skorzysta\u0107 z innych technologii.<\/li>\n<li>W\u0142a\u015bciciel strony jest zobowi\u0105zany do wykorzystywania najnowszych technologii oraz najnowszych wersji oprogramowania (tj. do regularnego aktualizowania).<\/li>\n<li>Podstawowa pojemno\u015b\u0107 konta www (hostingu) wynosi 200 MB. W okre\u015blonych i uzasadnionych przypadkach, administrator serwera mo\u017ce zwi\u0119kszy\u0107 podany limit do wymaganej wielko\u015bci.<\/li>\n<li>Zabrania si\u0119 trzymania galerii zdj\u0119\u0107 bezpo\u015brednio na serwerze ze stron\u0105 www. Pliki multimedialne poleca si\u0119 przechowywa\u0107 na dysku google w domenie @zhr.pl i udost\u0119pnia\u0107 poprzez odpowiednie pluginy.<\/li>\n<\/ol>\n<p style=\"text-align: center;\">\u00a75<\/p>\n<ol>\n<li>Ka\u017cdy serwis www \u015brodowiska czy jednostki musi posiada\u0107 na swojej stronie g\u0142\u00f3wnej:\n<ol>\n<li>Pe\u0142n\u0105 nazw\u0119 jednostki, do kt\u00f3rej nale\u017cy witryna<\/li>\n<li>Informacj\u0119 o autorze strony (imi\u0119, nazwisko, ew. kontakt)<\/li>\n<li>Aktualny adres e-mail do administratora strony<\/li>\n<li>Link do strony g\u0142\u00f3wnej ZHR-u (w formie hiper\u0142\u0105cza, b\u0105d\u017a ikonki\/przycisku)<\/li>\n<li>Dane kontaktowe do kieruj\u0105cego dan\u0105 jednostk\u0105 (je\u015bli niemo\u017cliwe jest zamieszczenie tego na stronie g\u0142\u00f3wnej, nale\u017cy zadba\u0107 aby te informacje by\u0142y \u0142atwo odnajdywalne)<\/li>\n<\/ol>\n<\/li>\n<li>Strony nie spe\u0142niaj\u0105ce podanych wymog\u00f3w mog\u0105 by\u0107 blokowane i usuwane z serwera.<\/li>\n<li>Strona dodatkowo powinna prawid\u0142owo wy\u015bwietla\u0107 polskie znaki.<\/li>\n<li>Zabrania si\u0119 umieszczania wszelakich tre\u015bci reklamowych (wyj\u0105tkiem s\u0105 banery o tematyce harcerskiej)<\/li>\n<\/ol>\n<p><strong>Konta pocztowe @zhr.pl<\/strong><\/p>\n<p style=\"text-align: center;\">\u00a76<\/p>\n<ol>\n<li>Skrzynki pocztowe w domenie zhr.pl s\u0105 przeznaczone dla instruktorek i instruktor\u00f3w ZHR, harcerzy starszych (pe\u0142ni\u0105cych okre\u015blone funkcje) oraz w uzasadnionych przypadkach ka\u017cdego innego harcerza ZHR<\/li>\n<li>Ka\u017cda jednostka organizacyjna ZHR mo\u017ce posiada\u0107 swoj\u0105 skrzynk\u0119 pocztow\u0105.<\/li>\n<li>Dopuszcza si\u0119 tworzenie dodatkowych skrzynek pocztowych, przeznaczonych na akcje okoliczno\u015bciowe, zloty, wyjazdy itp.<\/li>\n<\/ol>\n<p style=\"text-align: center;\">\u00a77<\/p>\n<ol>\n<li>Konta pocztowe ZHR s\u0105 obs\u0142ugiwane za po\u015brednictwem serwer\u00f3w Google<\/li>\n<li>Domy\u015blna pojemno\u015b\u0107 skrzynki wynosi 30 GB<\/li>\n<li>Skrzynki pocztowe, na kt\u00f3rych nie wykryto \u017cadnej aktywno\u015bci przez 4 miesi\u0105ce zostan\u0105 automatycznie zablokowane, a po 2 nast\u0119pnych miesi\u0105cach usuni\u0119te z serwera.<\/li>\n<li>Istnieje mo\u017cliwo\u015b\u0107 zg\u0142oszenia d\u0142u\u017cszej przerwy w aktywno\u015bci konta pocztowego. Nale\u017cy to zrobi\u0107 u lokalnego menad\u017cera IT wyznaczonego przez odpowiedni okr\u0119g.<\/li>\n<li>Na kontach pocztowych jest zachowana tajemnica korespondencji.<\/li>\n<\/ol>\n<p style=\"text-align: center;\">\u00a78<\/p>\n<ol>\n<li>Konto email zak\u0142ada si\u0119 poprzez zg\u0142oszenie u lokalnego menad\u017cera IT wyznaczonego przez odpowiedni okr\u0119g.<\/li>\n<li>Podmiotem zatwierdzaj\u0105cym pro\u015bb\u0119 o utworzenie konta pocztowego jest odpowiednio Zarz\u0105d Okr\u0119gu, Naczelnictwo, b\u0105d\u017a Zesp\u00f3\u0142 \u201eMatrix\u201d.<\/li>\n<li>Nazwa konta osobistego powinna zgadza\u0107 si\u0119 z jednym ze schemat\u00f3w:\n<ol>\n<li>nazwisko@zhr.pl<\/li>\n<li>imienazwisko@zhr.pl<\/li>\n<li>nazwisko@zhr.pl<\/li>\n<li>inazwisko@zhr.pl<\/li>\n<\/ol>\n<\/li>\n<li>W uzasadnionych przypadkach, nazwa konta osobistego mo\u017ce odbiega\u0107 od schematu, ale w dalszym ci\u0105gu powinna jednoznacznie okre\u015bla\u0107 w\u0142a\u015bciciela konta.<\/li>\n<li>Nazwa konta jednostki, akcji okoliczno\u015bciowej, zlotu itd. powinna jednoznacznie okre\u015bla\u0107 jednostk\u0119\/akcj\u0119 do kt\u00f3rej nale\u017cy dane konto.<\/li>\n<\/ol>\n<p style=\"text-align: center;\">\u00a79<\/p>\n<ol>\n<li>Konto pocztowe mo\u017ce by\u0107 wykorzystywane do korespondencji w\u0142asnej, s\u0142u\u017cbowej, grupowej. Mo\u017ce s\u0142u\u017cy\u0107 do zak\u0142adania kont na stronach z domeny ZHR.PL. W uzasadnionych przypadkach mo\u017ce r\u00f3wnie\u017c s\u0142u\u017cy\u0107 do zak\u0142adania kont na stronach zewn\u0119trznych, niezb\u0119dnych do pracy jednostki.<\/li>\n<li>Zabrania si\u0119 korzystania z konta w jakikolwiek spos\u00f3b niezgodny z prawem. Zabrania si\u0119 rozsy\u0142ania spamu, podszywania pod inne osoby\/jednostki, udost\u0119pniania konta osobom trzecim.<\/li>\n<li>W szczeg\u00f3lno\u015bci zabrania si\u0119 korzystania z konta w celach wy\u0142\u0105cznie prywatnych (tj. logowanie na stronach zewn\u0119trznych, nie zwi\u0105zanych z prac\u0105 w ZHR) oraz zarobkowych.<\/li>\n<\/ol>\n<p><strong>Postanowienia ko\u0144cowe<\/strong><\/p>\n<p style=\"text-align: center;\">\u00a710<\/p>\n<ol>\n<li>Wszelkie problemy, awarie, b\u0142\u0119dy nale\u017cy zg\u0142asza\u0107 do lokalnego menad\u017cera IT.<\/li>\n<li>Wszelkie sprawy za\u0142atwiane w ramach obs\u0142ugi serwera takie jak: zmiana lub przypomnienie has\u0142a, przydzia\u0142u quoty, usuni\u0119cie konta itp. s\u0105 wykonywane wy\u0142\u0105cznie po stwierdzeniu zgodno\u015bci danych kontaktowych oraz osobowych osoby sygnalizuj\u0105cej problem z danymi w\u0142a\u015bciciela konta wpisanymi w bazie w czasie odebrania zg\u0142oszenia. W przypadku stwierdzenia niezgodno\u015bci tych informacji pro\u015bba o wykonanie us\u0142ugi mo\u017ce zosta\u0107 odrzucona.<\/li>\n<li>W wyj\u0105tkowych przypadkach szkodz\u0105cych w szczeg\u00f3lnie ra\u017c\u0105cy spos\u00f3b, Administratorzy mog\u0105 dokona\u0107 zmian natychmiast r\u00f3wnocze\u015bnie jednak informuj\u0105c o tych zmianach osob\u0119 odpowiedzialn\u0105 za konto, w ramach kt\u00f3rego zmiana ta zosta\u0142a dokonana.<\/li>\n<\/ol>\n<p style=\"text-align: center;\">\u00a711<\/p>\n<ol>\n<li>Wszelkie sprawy nie obj\u0119te niniejszym regulaminem b\u0119d\u0105 rozstrzygane przez Zesp\u00f3\u0142 Informatyczny \u201eMatrix\u201d maj\u0105c na celu dobro wi\u0119kszo\u015bci u\u017cytkownik\u00f3w, serwera i ca\u0142ego ZHR-u.<\/li>\n<\/ol>\n<p>&nbsp;<\/p>\n","protected":false},"excerpt":{"rendered":"<p>Regulamin us\u0142ug informatycznych Zwi\u0105zku Harcerstwa Rzeczypospolitej Za\u0142o\u017cenia og\u00f3lne \u00a71 ZHR posiada w\u0142asn\u0105 infrastruktur\u0119 informatyczn\u0105, kt\u00f3r\u0105 nieodp\u0142atnie udost\u0119pnia swoim jednostkom w celu u\u0142atwienia wymiany informacji oraz polepszenia komunikacji. Podmiotem zarz\u0105dzaj\u0105cym serwerem, jego konserwacj\u0105, aktualizacj\u0105 i utrzymaniem jest Zesp\u00f3\u0142 Informatyczny \u201e Matrix\u201d. Strony internetowe \u00a72 Ka\u017cde \u015brodowisko i jednostka organizacyjna ZHR (dru\u017cyna, szczep, hufiec itd.), mo\u017ce umie\u015bci\u0107&hellip; <br \/> <a class=\"read-more\" href=\"https:\/\/matrix.zhr.pl\/?page_id=24\">Dowiedz si\u0119 wi\u0119cej<\/a><\/p>\n","protected":false},"author":1,"featured_media":0,"parent":0,"menu_order":0,"comment_status":"closed","ping_status":"closed","template":"","meta":{"footnotes":""},"class_list":["post-24","page","type-page","status-publish","hentry"],"jetpack_sharing_enabled":true,"_links":{"self":[{"href":"https:\/\/matrix.zhr.pl\/index.php?rest_route=\/wp\/v2\/pages\/24","targetHints":{"allow":["GET"]}}],"collection":[{"href":"https:\/\/matrix.zhr.pl\/index.php?rest_route=\/wp\/v2\/pages"}],"about":[{"href":"https:\/\/matrix.zhr.pl\/index.php?rest_route=\/wp\/v2\/types\/page"}],"author":[{"embeddable":true,"href":"https:\/\/matrix.zhr.pl\/index.php?rest_route=\/wp\/v2\/users\/1"}],"replies":[{"embeddable":true,"href":"https:\/\/matrix.zhr.pl\/index.php?rest_route=%2Fwp%2Fv2%2Fcomments&post=24"}],"version-history":[{"count":6,"href":"https:\/\/matrix.zhr.pl\/index.php?rest_route=\/wp\/v2\/pages\/24\/revisions"}],"predecessor-version":[{"id":57,"href":"https:\/\/matrix.zhr.pl\/index.php?rest_route=\/wp\/v2\/pages\/24\/revisions\/57"}],"wp:attachment":[{"href":"https:\/\/matrix.zhr.pl\/index.php?rest_route=%2Fwp%2Fv2%2Fmedia&parent=24"}],"curies":[{"name":"wp","href":"https:\/\/api.w.org\/{rel}","templated":true}]}}