{"id":25,"date":"2019-07-26T09:40:53","date_gmt":"2019-07-26T09:40:53","guid":{"rendered":"https:\/\/matrix.zhr.pl\/?page_id=25"},"modified":"2021-09-27T21:35:47","modified_gmt":"2021-09-27T21:35:47","slug":"jak-zalozyc-konto","status":"publish","type":"page","link":"https:\/\/matrix.zhr.pl\/?page_id=25","title":{"rendered":"jak za\u0142o\u017cy\u0107 konto"},"content":{"rendered":"<p>Konto www oraz konto pocztowe mo\u017cna za\u0142o\u017cy\u0107 zak\u0142adaj\u0105c nowe zg\u0142oszenie na stronie <a href=\"http:\/\/ratunku.zhr.pl\" rel=\"noopener\" target=\"_blank\">ratunku.zhr.pl<\/a><\/p>\n","protected":false},"excerpt":{"rendered":"<p>Konto www oraz konto pocztowe mo\u017cna za\u0142o\u017cy\u0107 zak\u0142adaj\u0105c nowe zg\u0142oszenie na stronie ratunku.zhr.pl<\/p>\n","protected":false},"author":1,"featured_media":0,"parent":0,"menu_order":0,"comment_status":"closed","ping_status":"closed","template":"","meta":{"footnotes":""},"class_list":["post-25","page","type-page","status-publish","hentry"],"jetpack_sharing_enabled":true,"_links":{"self":[{"href":"https:\/\/matrix.zhr.pl\/index.php?rest_route=\/wp\/v2\/pages\/25","targetHints":{"allow":["GET"]}}],"collection":[{"href":"https:\/\/matrix.zhr.pl\/index.php?rest_route=\/wp\/v2\/pages"}],"about":[{"href":"https:\/\/matrix.zhr.pl\/index.php?rest_route=\/wp\/v2\/types\/page"}],"author":[{"embeddable":true,"href":"https:\/\/matrix.zhr.pl\/index.php?rest_route=\/wp\/v2\/users\/1"}],"replies":[{"embeddable":true,"href":"https:\/\/matrix.zhr.pl\/index.php?rest_route=%2Fwp%2Fv2%2Fcomments&post=25"}],"version-history":[{"count":6,"href":"https:\/\/matrix.zhr.pl\/index.php?rest_route=\/wp\/v2\/pages\/25\/revisions"}],"predecessor-version":[{"id":69,"href":"https:\/\/matrix.zhr.pl\/index.php?rest_route=\/wp\/v2\/pages\/25\/revisions\/69"}],"wp:attachment":[{"href":"https:\/\/matrix.zhr.pl\/index.php?rest_route=%2Fwp%2Fv2%2Fmedia&parent=25"}],"curies":[{"name":"wp","href":"https:\/\/api.w.org\/{rel}","templated":true}]}}