{"id":40,"date":"2019-08-05T08:14:19","date_gmt":"2019-08-05T08:14:19","guid":{"rendered":"https:\/\/matrix.zhr.pl\/?page_id=40"},"modified":"2021-09-09T21:07:25","modified_gmt":"2021-09-09T21:07:25","slug":"menadzerowie-it","status":"publish","type":"page","link":"https:\/\/matrix.zhr.pl\/?page_id=40","title":{"rendered":"menad\u017cerowie IT"},"content":{"rendered":"<style type=\"text\/css\"><!--td {border: 1px solid #ccc;}br {mso-data-placement:same-cell;}--><\/style>\n<table dir=\"ltr\" border=\"1\" cellspacing=\"0\" cellpadding=\"0\">\n<colgroup>\n<col width=\"195\" \/>\n<col width=\"233\" \/><\/colgroup>\n<tbody>\n<tr>\n<td data-sheets-value=\"{&quot;1&quot;:2,&quot;2&quot;:&quot;okr\u0119g staropolski&quot;}\">Okr\u0119g Staropolski<\/td>\n<td data-sheets-value=\"{&quot;1&quot;:2,&quot;2&quot;:&quot;maciek.sulek@zhr.pl&quot;}\">maciek.sulek@zhr.pl<\/td>\n<\/tr>\n<tr>\n<td data-sheets-value=\"{&quot;1&quot;:2,&quot;2&quot;:&quot;okr\u0119g mazowiecki&quot;}\">Okr\u0119g Mazowiecki<\/td>\n<td data-sheets-value=\"{&quot;1&quot;:2,&quot;2&quot;:&quot;bartek.kopec@zhr.pl &quot;}\">bartek.kopec@zhr.pl<\/td>\n<\/tr>\n<tr>\n<td data-sheets-value=\"{&quot;1&quot;:2,&quot;2&quot;:&quot;okr\u0119g podkarpacki&quot;}\">Okr\u0119g Podkarpacki<\/td>\n<td data-sheets-value=\"{&quot;1&quot;:2,&quot;2&quot;:&quot;wesolowski.patryk@zhr.pl&quot;}\">wesolowski.patryk@zhr.pl<\/td>\n<\/tr>\n<tr>\n<td data-sheets-value=\"{&quot;1&quot;:2,&quot;2&quot;:&quot;okr\u0119g \u0141\u00f3dzki&quot;}\">Okr\u0119g \u0141\u00f3dzki<\/td>\n<td data-sheets-value=\"{&quot;1&quot;:2,&quot;2&quot;:&quot;norbert.gawronski@zhr.pl&quot;}\">norbert.gawronski@zhr.pl<\/td>\n<\/tr>\n<tr>\n<td data-sheets-value=\"{&quot;1&quot;:2,&quot;2&quot;:&quot;Okr\u0119g Wielkopolski&quot;}\">Okr\u0119g Wielkopolski<\/td>\n<td data-sheets-value=\"{&quot;1&quot;:2,&quot;2&quot;:&quot;wojciech.biegala@zhr.pl&quot;}\">wojciech.biegala@zhr.pl<\/td>\n<\/tr>\n<tr>\n<td data-sheets-value=\"{&quot;1&quot;:2,&quot;2&quot;:&quot;Okr\u0119g Pomorski&quot;}\">Okr\u0119g Pomorski<\/td>\n<td data-sheets-value=\"{&quot;1&quot;:2,&quot;2&quot;:&quot;piotrpszczolinski@zhr.pl&quot;}\">piotrpszczolinski@zhr.pl<\/td>\n<\/tr>\n<tr>\n<td data-sheets-value=\"{&quot;1&quot;:2,&quot;2&quot;:&quot;Okr\u0119g Ma\u0142opolski&quot;}\">Okr\u0119g Ma\u0142opolski<\/td>\n<td data-sheets-value=\"{&quot;1&quot;:2,&quot;2&quot;:&quot;pawel.panasiuk@zhr.pl&quot;}\">pawel.panasiuk@zhr.pl<\/td>\n<\/tr>\n<tr>\n<td data-sheets-value=\"{&quot;1&quot;:2,&quot;2&quot;:&quot;Okr\u0119g Kujawsko-Pomorski&quot;}\">Okr\u0119g Kujawsko-Pomorski<\/td>\n<td data-sheets-value=\"{&quot;1&quot;:2,&quot;2&quot;:&quot;dgrabowski@zhr.pl&quot;}\">dgrabowski@zhr.pl<\/td>\n<\/tr>\n<tr>\n<td data-sheets-value=\"{&quot;1&quot;:2,&quot;2&quot;:&quot;Okr\u0119g Kujawsko-Pomorski&quot;}\">Okr\u0119g Dolno\u015bl\u0105ski<\/td>\n<td data-sheets-value=\"{&quot;1&quot;:2,&quot;2&quot;:&quot;dgrabowski@zhr.pl&quot;}\">tomasz.szkudlarski@zhr.pl<\/td>\n<\/tr>\n<tr>\n<td data-sheets-value=\"{&quot;1&quot;:2,&quot;2&quot;:&quot;Okr\u0119g Kujawsko-Pomorski&quot;}\">Okr\u0119g Lubelski<\/td>\n<td data-sheets-value=\"{&quot;1&quot;:2,&quot;2&quot;:&quot;dgrabowski@zhr.pl&quot;}\">wojciech.drag@zhr.pl<\/td>\n<\/tr>\n<tr>\n<td data-sheets-value=\"{&quot;1&quot;:2,&quot;2&quot;:&quot;Okr\u0119g G\u00f3rno\u015bl\u0105ski&quot;}\">Okr\u0119g G\u00f3rno\u015bl\u0105ski<\/td>\n<td data-sheets-value=\"{&quot;1&quot;:2,&quot;2&quot;:&quot;michal.topolski@zhr.pl&quot;}\">michal.topolski@zhr.pl<\/td>\n<\/tr>\n<\/tbody>\n<\/table>\n<p>&nbsp;<\/p>\n","protected":false},"excerpt":{"rendered":"<p>Okr\u0119g Staropolski maciek.sulek@zhr.pl Okr\u0119g Mazowiecki bartek.kopec@zhr.pl Okr\u0119g Podkarpacki wesolowski.patryk@zhr.pl Okr\u0119g \u0141\u00f3dzki norbert.gawronski@zhr.pl Okr\u0119g Wielkopolski wojciech.biegala@zhr.pl Okr\u0119g Pomorski piotrpszczolinski@zhr.pl Okr\u0119g Ma\u0142opolski pawel.panasiuk@zhr.pl Okr\u0119g Kujawsko-Pomorski dgrabowski@zhr.pl Okr\u0119g Dolno\u015bl\u0105ski tomasz.szkudlarski@zhr.pl Okr\u0119g Lubelski wojciech.drag@zhr.pl Okr\u0119g G\u00f3rno\u015bl\u0105ski michal.topolski@zhr.pl &nbsp;<\/p>\n","protected":false},"author":1,"featured_media":0,"parent":0,"menu_order":0,"comment_status":"closed","ping_status":"closed","template":"","meta":{"footnotes":""},"class_list":["post-40","page","type-page","status-publish","hentry"],"jetpack_sharing_enabled":true,"_links":{"self":[{"href":"https:\/\/matrix.zhr.pl\/index.php?rest_route=\/wp\/v2\/pages\/40","targetHints":{"allow":["GET"]}}],"collection":[{"href":"https:\/\/matrix.zhr.pl\/index.php?rest_route=\/wp\/v2\/pages"}],"about":[{"href":"https:\/\/matrix.zhr.pl\/index.php?rest_route=\/wp\/v2\/types\/page"}],"author":[{"embeddable":true,"href":"https:\/\/matrix.zhr.pl\/index.php?rest_route=\/wp\/v2\/users\/1"}],"replies":[{"embeddable":true,"href":"https:\/\/matrix.zhr.pl\/index.php?rest_route=%2Fwp%2Fv2%2Fcomments&post=40"}],"version-history":[{"count":8,"href":"https:\/\/matrix.zhr.pl\/index.php?rest_route=\/wp\/v2\/pages\/40\/revisions"}],"predecessor-version":[{"id":67,"href":"https:\/\/matrix.zhr.pl\/index.php?rest_route=\/wp\/v2\/pages\/40\/revisions\/67"}],"wp:attachment":[{"href":"https:\/\/matrix.zhr.pl\/index.php?rest_route=%2Fwp%2Fv2%2Fmedia&parent=40"}],"curies":[{"name":"wp","href":"https:\/\/api.w.org\/{rel}","templated":true}]}}