{"id":5,"date":"2019-07-26T08:28:44","date_gmt":"2019-07-26T08:28:44","guid":{"rendered":"https:\/\/matrix.zhr.pl\/?page_id=5"},"modified":"2019-09-12T10:25:58","modified_gmt":"2019-09-12T10:25:58","slug":"mesmerize","status":"publish","type":"page","link":"https:\/\/matrix.zhr.pl\/","title":{"rendered":"Front Page"},"content":{"rendered":"<div  id=\"overlappable-4\" style=\"background-color: #ffffff;\" data-label=\"Overlappable\" data-id=\"overlappable-4\" data-export-id=\"overlappable-4\" data-category=\"overlappable\" class=\"overlappable-4 content-section content-section-spacing\" data-overlap=\"true\"><div  class=\"gridContainer\"> <div  data-type=\"row\" class=\"row spaced-cols text-center\"><div  class=\"col-xs-12 col-sm-4 col-padding\"> <a  data-cp-link=\"1\" href=\"#konta-zhr\" target=\"_self\"><i  class=\"fa icon shadow-large-black aligncenter color1 fa-at reverse round large\"><\/i><\/a> <div  data-type=\"column\" class=\"\"> <h5  class=\"\">KONTA ZHR.PL<\/h5> <p  class=\"\">Jak za\u0142o\u017cy\u0107 konto www i pocztowe w domenie ZHR.PL<\/p><\/div> <\/div> <div  class=\"col-xs-12 col-sm-4 col-padding\"> <a  data-cp-link=\"1\" href=\"https:\/\/ratunku.zhr.pl\" target=\"_blank\"><i  class=\"fa icon shadow-large-black aligncenter color1 fa-cogs reverse round large\"><\/i><\/a> <div  data-type=\"column\" class=\"\"><h5  class=\"\">ZG\u0141O\u015a PROBLEM<\/h5> <p  class=\"\">Gdzie zg\u0142osi\u0107 problem?<\/p><\/div> <\/div> <div  class=\"col-xs-12 col-sm-4 col-padding\"> <a  data-cp-link=\"1\" href=\"#\"><i  class=\"fa icon shadow-large-black aligncenter color1 fa-at reverse round large\"><\/i><\/a> <div  data-type=\"column\" class=\"\"> <h5  class=\"\">Enter the Matrix!<\/h5> <p  class=\"\">Do\u0142\u0105cz do zespo\u0142u Matrix<\/p><\/div> <\/div><\/div> <\/div><\/div><div  data-label=\"konta zhr\" data-id=\"features--1\" data-export-id=\"features-13-card-bordered\" data-category=\"features\" class=\"features-13 content-section content-section-spacing\" id=\"konta-zhr\" style=\"background-color: rgb(245, 250, 253); background-image: none;\"><div  class=\"gridContainer\"> <div  class=\"row text-center\"><div  class=\"section-title-col\" data-type=\"column\"> <h2  class=\"\">Jak za\u0142o\u017cy\u0107 konto ZHR.PL<\/h2> <\/div> <\/div> <div  class=\"row spaced-cols content-center-sm\" data-type=\"row\"> <div  class=\"col-sm-4 col-md-4 \"> <div  class=\"card bordered y-move\" data-type=\"column\"> <i  class=\"fa icon fa-codepen big round reverse color1\"><\/i> <h4  class=\"\">REGULAMIN KONT<\/h4>  <a  class=\"button small y-move color2\" href=\"https:\/\/matrix.zhr.pl?page_id=24\" target=\"_self\" data-cp-link=\"1\">PRZEJD\u0179<\/a><\/div> <\/div> <div  class=\"col-sm-4 col-md-4 \"> <div  class=\"card bordered y-move\" data-type=\"column\"> <i  class=\"fa icon fa-codepen big round reverse color1\"><\/i> <h4  class=\"\">ZAK\u0141ADANIE KONT<\/h4>  <a  class=\"button small y-move color2\" href=\"https:\/\/matrix.zhr.pl?page_id=25#https:\/\/matrix.zhr.pl\/?page_id=25\" target=\"_self\" data-cp-link=\"1\">PRZEJD\u0179<\/a><\/div> <\/div> <div  class=\"col-sm-4 col-md-4 \"> <div  class=\"card bordered y-move\" data-type=\"column\"> <i  class=\"fa icon fa-codepen big round reverse color1\"><\/i> <h4  class=\"\">MENAD\u017bEROWIE IT<\/h4>  <a  class=\"button small y-move color2\" href=\"https:\/\/matrix.zhr.pl?page_id=40\" target=\"_self\" data-cp-link=\"1\">PRZEJD\u0179<\/a><\/div> <\/div><\/div> <\/div><\/div>","protected":false},"excerpt":{"rendered":"<p>KONTA ZHR.PL Jak za\u0142o\u017cy\u0107 konto www i pocztowe w domenie ZHR.PL ZG\u0141O\u015a PROBLEM Gdzie zg\u0142osi\u0107 problem? Enter the Matrix! Do\u0142\u0105cz do zespo\u0142u Matrix Jak za\u0142o\u017cy\u0107 konto ZHR.PL REGULAMIN KONT PRZEJD\u0179 ZAK\u0141ADANIE KONT PRZEJD\u0179 MENAD\u017bEROWIE IT PRZEJD\u0179<\/p>\n","protected":false},"author":1,"featured_media":0,"parent":0,"menu_order":0,"comment_status":"closed","ping_status":"closed","template":"page-templates\/homepage.php","meta":{"footnotes":""},"class_list":["post-5","page","type-page","status-publish","hentry"],"jetpack_sharing_enabled":true,"_links":{"self":[{"href":"https:\/\/matrix.zhr.pl\/index.php?rest_route=\/wp\/v2\/pages\/5","targetHints":{"allow":["GET"]}}],"collection":[{"href":"https:\/\/matrix.zhr.pl\/index.php?rest_route=\/wp\/v2\/pages"}],"about":[{"href":"https:\/\/matrix.zhr.pl\/index.php?rest_route=\/wp\/v2\/types\/page"}],"author":[{"embeddable":true,"href":"https:\/\/matrix.zhr.pl\/index.php?rest_route=\/wp\/v2\/users\/1"}],"replies":[{"embeddable":true,"href":"https:\/\/matrix.zhr.pl\/index.php?rest_route=%2Fwp%2Fv2%2Fcomments&post=5"}],"version-history":[{"count":11,"href":"https:\/\/matrix.zhr.pl\/index.php?rest_route=\/wp\/v2\/pages\/5\/revisions"}],"predecessor-version":[{"id":62,"href":"https:\/\/matrix.zhr.pl\/index.php?rest_route=\/wp\/v2\/pages\/5\/revisions\/62"}],"wp:attachment":[{"href":"https:\/\/matrix.zhr.pl\/index.php?rest_route=%2Fwp%2Fv2%2Fmedia&parent=5"}],"curies":[{"name":"wp","href":"https:\/\/api.w.org\/{rel}","templated":true}]}}